{"id":2,"date":"2024-10-01T07:57:46","date_gmt":"2024-10-01T07:57:46","guid":{"rendered":"https:\/\/barmadariaga.rkinformatika.online\/?page_id=2"},"modified":"2025-04-02T15:48:49","modified_gmt":"2025-04-02T15:48:49","slug":"inicio","status":"publish","type":"page","link":"https:\/\/barroetakafetegia.com\/eu\/","title":{"rendered":"Hasiera"},"content":{"rendered":"<div data-elementor-type=\"wp-page\" data-elementor-id=\"2\" class=\"elementor elementor-2\" data-elementor-post-type=\"page\">\n\t\t\t\t\t\t<section class=\"elementor-section elementor-top-section elementor-element elementor-element-28c25b9d elementor-section-boxed elementor-section-height-default elementor-section-height-default\" data-id=\"28c25b9d\" data-element_type=\"section\" data-e-type=\"section\">\n\t\t\t\t\t\t\t<div class=\"elementor-background-overlay\"><\/div>\n\t\t\t\t\t\t\t<div class=\"elementor-container elementor-column-gap-default\">\n\t\t\t\t\t<div class=\"elementor-column elementor-col-100 elementor-top-column elementor-element elementor-element-3a961d61\" data-id=\"3a961d61\" data-element_type=\"column\" data-e-type=\"column\">\n\t\t\t<div class=\"elementor-widget-wrap elementor-element-populated\">\n\t\t\t\t\t\t<div class=\"elementor-element elementor-element-7aa6a541 elementor-invisible elementor-widget elementor-widget-heading\" data-id=\"7aa6a541\" data-element_type=\"widget\" data-e-type=\"widget\" data-settings=\"{&quot;_animation&quot;:&quot;fadeInUp&quot;}\" data-widget_type=\"heading.default\">\n\t\t\t\t<div class=\"elementor-widget-container\">\n\t\t\t\t\t<h3 class=\"elementor-heading-title elementor-size-default\">Ezagutu Barroetako Kafetegia!\n\n\n\n<\/h3>\t\t\t\t<\/div>\n\t\t\t\t<\/div>\n\t\t\t\t\t<\/div>\n\t\t<\/div>\n\t\t\t\t\t<\/div>\n\t\t<\/section>\n\t\t\t\t<section class=\"elementor-section elementor-top-section elementor-element elementor-element-5d9377e3 elementor-section-content-middle elementor-section-boxed elementor-section-height-default elementor-section-height-default\" data-id=\"5d9377e3\" data-element_type=\"section\" data-e-type=\"section\" data-settings=\"{&quot;background_background&quot;:&quot;classic&quot;}\">\n\t\t\t\t\t\t\t<div class=\"elementor-background-overlay\"><\/div>\n\t\t\t\t\t\t\t<div class=\"elementor-container elementor-column-gap-default\">\n\t\t\t\t\t<div class=\"elementor-column elementor-col-50 elementor-top-column elementor-element elementor-element-773819b5 elementor-invisible\" data-id=\"773819b5\" data-element_type=\"column\" data-e-type=\"column\" data-settings=\"{&quot;animation&quot;:&quot;fadeInLeft&quot;}\">\n\t\t\t<div class=\"elementor-widget-wrap elementor-element-populated\">\n\t\t\t\t\t\t<div class=\"elementor-element elementor-element-3bc6d5b4 elementor-invisible elementor-widget elementor-widget-heading\" data-id=\"3bc6d5b4\" data-element_type=\"widget\" data-e-type=\"widget\" data-settings=\"{&quot;_animation&quot;:&quot;fadeInUp&quot;}\" data-widget_type=\"heading.default\">\n\t\t\t\t<div class=\"elementor-widget-container\">\n\t\t\t\t\t<h6 class=\"elementor-heading-title elementor-size-default\">Nor garen<\/h6>\t\t\t\t<\/div>\n\t\t\t\t<\/div>\n\t\t\t\t<div class=\"elementor-element elementor-element-5c24a83a elementor-invisible elementor-widget elementor-widget-text-editor\" data-id=\"5c24a83a\" data-element_type=\"widget\" data-e-type=\"widget\" data-settings=\"{&quot;_animation&quot;:&quot;fadeInUp&quot;}\" data-widget_type=\"text-editor.default\">\n\t\t\t\t<div class=\"elementor-widget-container\">\n\t\t\t\t\t\t\t\t\t<p>Bienvenidos a Barroetako Kafetegia. Un lugar de encuentro para jugadores, aficionados y vecinos, donde ofrecemos caf\u00e9 reci\u00e9n hecho, bocadillos, refrescos y aperitivos para disfrutar antes, durante o despu\u00e9s del partido. Ven a recargar energ\u00edas en un ambiente acogedor y vive la pasi\u00f3n del f\u00fatbol con buen sabor. \u00a1Te esperamos!<\/p>\t\t\t\t\t\t\t\t<\/div>\n\t\t\t\t<\/div>\n\t\t\t\t<div class=\"elementor-element elementor-element-35d38aac elementor-invisible elementor-widget elementor-widget-text-editor\" data-id=\"35d38aac\" data-element_type=\"widget\" data-e-type=\"widget\" data-settings=\"{&quot;_animation&quot;:&quot;fadeInUp&quot;}\" data-widget_type=\"text-editor.default\">\n\t\t\t\t<div class=\"elementor-widget-container\">\n\t\t\t\t\t\t\t\t\t<p>Nuestra cafeter\u00eda naci\u00f3 como un punto de encuentro para los amantes del f\u00fatbol en Markina-Xemein. Desde sus inicios el a\u00f1o pasado, ha sido el lugar ideal para disfrutar de un buen caf\u00e9, bocadillos y refrescos mientras se vive la emoci\u00f3n de cada partido. Con el tiempo, nos hemos convertido en un espacio acogedor donde jugadores, aficionados y vecinos comparten su pasi\u00f3n por el deporte y la buena compa\u00f1\u00eda. \u00a1Te esperamos para seguir escribiendo esta historia juntos!<\/p>\t\t\t\t\t\t\t\t<\/div>\n\t\t\t\t<\/div>\n\t\t\t\t\t<\/div>\n\t\t<\/div>\n\t\t\t\t<div class=\"elementor-column elementor-col-50 elementor-top-column elementor-element elementor-element-198b79f5\" data-id=\"198b79f5\" data-element_type=\"column\" data-e-type=\"column\">\n\t\t\t<div class=\"elementor-widget-wrap elementor-element-populated\">\n\t\t\t\t\t\t<section class=\"elementor-section elementor-inner-section elementor-element elementor-element-12ffd329 elementor-section-boxed elementor-section-height-default elementor-section-height-default\" data-id=\"12ffd329\" data-element_type=\"section\" data-e-type=\"section\">\n\t\t\t\t\t\t<div class=\"elementor-container elementor-column-gap-default\">\n\t\t\t\t\t<div class=\"elementor-column elementor-col-100 elementor-inner-column elementor-element elementor-element-34b1871e elementor-invisible\" data-id=\"34b1871e\" data-element_type=\"column\" data-e-type=\"column\" data-settings=\"{&quot;animation&quot;:&quot;fadeInUp&quot;}\">\n\t\t\t<div class=\"elementor-widget-wrap elementor-element-populated\">\n\t\t\t\t\t\t<div class=\"elementor-element elementor-element-4b82cd78 elementor-widget elementor-widget-image\" data-id=\"4b82cd78\" data-element_type=\"widget\" data-e-type=\"widget\" data-widget_type=\"image.default\">\n\t\t\t\t<div class=\"elementor-widget-container\">\n\t\t\t\t\t\t\t\t\t\t\t\t\t\t\t<img fetchpriority=\"high\" decoding=\"async\" width=\"1000\" height=\"1000\" src=\"https:\/\/barroetakafetegia.com\/wp-content\/uploads\/2025\/03\/Design-sem-nome-1.png\" class=\"attachment-full size-full wp-image-1346\" alt=\"\" srcset=\"https:\/\/barroetakafetegia.com\/wp-content\/uploads\/2025\/03\/Design-sem-nome-1.png 1000w, https:\/\/barroetakafetegia.com\/wp-content\/uploads\/2025\/03\/Design-sem-nome-1-300x300.png 300w, https:\/\/barroetakafetegia.com\/wp-content\/uploads\/2025\/03\/Design-sem-nome-1-150x150.png 150w, https:\/\/barroetakafetegia.com\/wp-content\/uploads\/2025\/03\/Design-sem-nome-1-768x768.png 768w, https:\/\/barroetakafetegia.com\/wp-content\/uploads\/2025\/03\/Design-sem-nome-1-12x12.png 12w\" sizes=\"(max-width: 1000px) 100vw, 1000px\" \/>\t\t\t\t\t\t\t\t\t\t\t\t\t\t\t<\/div>\n\t\t\t\t<\/div>\n\t\t\t\t\t<\/div>\n\t\t<\/div>\n\t\t\t\t\t<\/div>\n\t\t<\/section>\n\t\t\t\t\t<\/div>\n\t\t<\/div>\n\t\t\t\t\t<\/div>\n\t\t<\/section>\n\t\t\t\t<section class=\"elementor-section elementor-top-section elementor-element elementor-element-7cf6651b elementor-section-boxed elementor-section-height-default elementor-section-height-default\" data-id=\"7cf6651b\" data-element_type=\"section\" data-e-type=\"section\">\n\t\t\t\t\t\t<div class=\"elementor-container elementor-column-gap-default\">\n\t\t\t\t\t<div class=\"elementor-column elementor-col-33 elementor-top-column elementor-element elementor-element-3dcf73e6\" data-id=\"3dcf73e6\" data-element_type=\"column\" data-e-type=\"column\">\n\t\t\t<div class=\"elementor-widget-wrap elementor-element-populated\">\n\t\t\t\t\t\t<section class=\"elementor-section elementor-inner-section elementor-element elementor-element-3e59a091 elementor-section-boxed elementor-section-height-default elementor-section-height-default\" data-id=\"3e59a091\" data-element_type=\"section\" data-e-type=\"section\">\n\t\t\t\t\t\t<div class=\"elementor-container elementor-column-gap-default\">\n\t\t\t\t\t<div class=\"elementor-column elementor-col-100 elementor-inner-column elementor-element elementor-element-6a5f1365 elementor-invisible\" data-id=\"6a5f1365\" data-element_type=\"column\" data-e-type=\"column\" data-settings=\"{&quot;background_background&quot;:&quot;classic&quot;,&quot;animation&quot;:&quot;fadeInLeft&quot;}\">\n\t\t\t<div class=\"elementor-widget-wrap elementor-element-populated\">\n\t\t\t\t\t<div class=\"elementor-background-overlay\"><\/div>\n\t\t\t\t\t\t<div class=\"elementor-element elementor-element-4c735ff4 elementor-widget elementor-widget-heading\" data-id=\"4c735ff4\" data-element_type=\"widget\" data-e-type=\"widget\" data-widget_type=\"heading.default\">\n\t\t\t\t<div class=\"elementor-widget-container\">\n\t\t\t\t\t<h3 class=\"elementor-heading-title elementor-size-default\">Irekitzeko ordutegia<\/h3>\t\t\t\t<\/div>\n\t\t\t\t<\/div>\n\t\t\t\t<div class=\"elementor-element elementor-element-9c43d34 elementor-widget elementor-widget-text-editor\" data-id=\"9c43d34\" data-element_type=\"widget\" data-e-type=\"widget\" data-widget_type=\"text-editor.default\">\n\t\t\t\t<div class=\"elementor-widget-container\">\n\t\t\t\t\t\t\t\t\t<p>Abrimos martes y viernes de 16:30 a 19:30, jueves de 16:30 a 19:30, s\u00e1bado de 08:00 a 20:00 y domingo de 10:00 a 18:00.\u00a0<\/p><p>Te invitamos a conocernos y a disfrutar de nuestros sabores \u00fanicos. \u00a1Bienvenidos a Barroetako Kafetegia!<\/p>\t\t\t\t\t\t\t\t<\/div>\n\t\t\t\t<\/div>\n\t\t\t\t<div class=\"elementor-element elementor-element-21b3b923 elementor-widget elementor-widget-button\" data-id=\"21b3b923\" data-element_type=\"widget\" data-e-type=\"widget\" data-widget_type=\"button.default\">\n\t\t\t\t<div class=\"elementor-widget-container\">\n\t\t\t\t\t\t\t\t\t<div class=\"elementor-button-wrapper\">\n\t\t\t\t\t<a class=\"elementor-button elementor-button-link elementor-size-sm elementor-animation-hang\" href=\"https:\/\/barroetakafetegia.com\/eu\/contacto\/\">\n\t\t\t\t\t\t<span class=\"elementor-button-content-wrapper\">\n\t\t\t\t\t\t\t\t\t<span class=\"elementor-button-text\">Erreserba Orain<\/span>\n\t\t\t\t\t<\/span>\n\t\t\t\t\t<\/a>\n\t\t\t\t<\/div>\n\t\t\t\t\t\t\t\t<\/div>\n\t\t\t\t<\/div>\n\t\t\t\t\t<\/div>\n\t\t<\/div>\n\t\t\t\t\t<\/div>\n\t\t<\/section>\n\t\t\t\t\t<\/div>\n\t\t<\/div>\n\t\t\t\t<div class=\"elementor-column elementor-col-33 elementor-top-column elementor-element elementor-element-6a5270e6\" data-id=\"6a5270e6\" data-element_type=\"column\" data-e-type=\"column\">\n\t\t\t<div class=\"elementor-widget-wrap elementor-element-populated\">\n\t\t\t\t\t\t<div class=\"elementor-element elementor-element-4dd96e3b elementor-invisible elementor-widget elementor-widget-image\" data-id=\"4dd96e3b\" data-element_type=\"widget\" data-e-type=\"widget\" data-settings=\"{&quot;_animation&quot;:&quot;fadeInLeft&quot;,&quot;_animation_delay&quot;:200}\" data-widget_type=\"image.default\">\n\t\t\t\t<div class=\"elementor-widget-container\">\n\t\t\t\t\t\t\t\t\t\t\t\t\t\t\t<img decoding=\"async\" width=\"701\" height=\"940\" src=\"https:\/\/barroetakafetegia.com\/wp-content\/uploads\/2025\/03\/Captura-desde-2025-03-26-17-24-12.png\" class=\"attachment-full size-full wp-image-1368\" alt=\"\" srcset=\"https:\/\/barroetakafetegia.com\/wp-content\/uploads\/2025\/03\/Captura-desde-2025-03-26-17-24-12.png 701w, https:\/\/barroetakafetegia.com\/wp-content\/uploads\/2025\/03\/Captura-desde-2025-03-26-17-24-12-224x300.png 224w, https:\/\/barroetakafetegia.com\/wp-content\/uploads\/2025\/03\/Captura-desde-2025-03-26-17-24-12-9x12.png 9w\" sizes=\"(max-width: 701px) 100vw, 701px\" \/>\t\t\t\t\t\t\t\t\t\t\t\t\t\t\t<\/div>\n\t\t\t\t<\/div>\n\t\t\t\t\t<\/div>\n\t\t<\/div>\n\t\t\t\t<div class=\"elementor-column elementor-col-33 elementor-top-column elementor-element elementor-element-623e1816 elementor-hidden-tablet\" data-id=\"623e1816\" data-element_type=\"column\" data-e-type=\"column\">\n\t\t\t<div class=\"elementor-widget-wrap elementor-element-populated\">\n\t\t\t\t\t\t<div class=\"elementor-element elementor-element-13a5c024 elementor-invisible elementor-widget elementor-widget-image\" data-id=\"13a5c024\" data-element_type=\"widget\" data-e-type=\"widget\" data-settings=\"{&quot;_animation&quot;:&quot;fadeInLeft&quot;,&quot;_animation_delay&quot;:400}\" data-widget_type=\"image.default\">\n\t\t\t\t<div class=\"elementor-widget-container\">\n\t\t\t\t\t\t\t\t\t\t\t\t\t\t\t<img decoding=\"async\" width=\"701\" height=\"940\" src=\"https:\/\/barroetakafetegia.com\/wp-content\/uploads\/2025\/03\/Captura-desde-2025-03-26-17-24-32.png\" class=\"attachment-full size-full wp-image-1369\" alt=\"\" srcset=\"https:\/\/barroetakafetegia.com\/wp-content\/uploads\/2025\/03\/Captura-desde-2025-03-26-17-24-32.png 701w, https:\/\/barroetakafetegia.com\/wp-content\/uploads\/2025\/03\/Captura-desde-2025-03-26-17-24-32-224x300.png 224w, https:\/\/barroetakafetegia.com\/wp-content\/uploads\/2025\/03\/Captura-desde-2025-03-26-17-24-32-9x12.png 9w\" sizes=\"(max-width: 701px) 100vw, 701px\" \/>\t\t\t\t\t\t\t\t\t\t\t\t\t\t\t<\/div>\n\t\t\t\t<\/div>\n\t\t\t\t\t<\/div>\n\t\t<\/div>\n\t\t\t\t\t<\/div>\n\t\t<\/section>\n\t\t<div class=\"elementor-element elementor-element-74ea05e e-flex e-con-boxed e-con e-parent\" data-id=\"74ea05e\" data-element_type=\"container\" data-e-type=\"container\" data-settings=\"{&quot;background_background&quot;:&quot;classic&quot;}\">\n\t\t\t\t\t<div class=\"e-con-inner\">\n\t\t\t\t<div class=\"elementor-element elementor-element-971f9ee elementor-cta--skin-cover elementor-animated-content elementor-bg-transform elementor-bg-transform-zoom-in elementor-widget elementor-widget-call-to-action\" data-id=\"971f9ee\" data-element_type=\"widget\" data-e-type=\"widget\" data-widget_type=\"call-to-action.default\">\n\t\t\t\t<div class=\"elementor-widget-container\">\n\t\t\t\t\t\t\t<div class=\"elementor-cta\">\n\t\t\t\t\t<div class=\"elementor-cta__bg-wrapper\">\n\t\t\t\t<div class=\"elementor-cta__bg elementor-bg\" style=\"background-image: url(https:\/\/barroetakafetegia.com\/wp-content\/uploads\/2025\/03\/1992-1024x683.jpg);\" role=\"img\" aria-label=\"1992\"><\/div>\n\t\t\t\t<div class=\"elementor-cta__bg-overlay\"><\/div>\n\t\t\t<\/div>\n\t\t\t\t\t\t\t<div class=\"elementor-cta__content\">\n\t\t\t\t\n\t\t\t\t\t\t\t\t\t<h2 class=\"elementor-cta__title elementor-cta__content-item elementor-content-item elementor-animated-item--grow\">\n\t\t\t\t\t\tSabores que acompa\u00f1an tu pasi\u00f3n por el f\u00fatbol.\t\t\t\t\t<\/h2>\n\t\t\t\t\n\t\t\t\t\n\t\t\t\t\t\t\t\t\t<div class=\"elementor-cta__button-wrapper elementor-cta__content-item elementor-content-item elementor-animated-item--grow\">\n\t\t\t\t\t<a class=\"elementor-cta__button elementor-button elementor-size-\" href=\"https:\/\/barroetakafetegia.com\/eu\/productos\/\">\n\t\t\t\t\t\tEzagutu gaitzazu\t\t\t\t\t<\/a>\n\t\t\t\t\t<\/div>\n\t\t\t\t\t\t\t<\/div>\n\t\t\t\t\t\t<\/div>\n\t\t\t\t\t\t<\/div>\n\t\t\t\t<\/div>\n\t\t\t\t\t<\/div>\n\t\t\t\t<\/div>\n\t\t\t\t<\/div>","protected":false},"excerpt":{"rendered":"<p>\u00a1Descubre Barroetako Kafetegia! Qui\u00e9nes somos Bienvenidos a Barroetako Kafetegia. Un lugar de encuentro para jugadores, aficionados y vecinos, donde ofrecemos caf\u00e9 reci\u00e9n hecho, bocadillos, refrescos y aperitivos para disfrutar antes, durante o despu\u00e9s del partido. Ven a recargar energ\u00edas en un ambiente acogedor y vive la pasi\u00f3n del f\u00fatbol con buen sabor. \u00a1Te esperamos! Nuestra [&hellip;]<\/p>\n","protected":false},"author":4,"featured_media":0,"parent":0,"menu_order":0,"comment_status":"closed","ping_status":"closed","template":"elementor_canvas","meta":{"footnotes":""},"class_list":["post-2","page","type-page","status-publish","hentry"],"yoast_head":"<!-- This site is optimized with the Yoast SEO plugin v27.5 - https:\/\/yoast.com\/product\/yoast-seo-wordpress\/ -->\n<title>Inicio - barroeta kafetegia<\/title>\n<meta name=\"robots\" content=\"index, follow, max-snippet:-1, max-image-preview:large, max-video-preview:-1\" \/>\n<link rel=\"canonical\" href=\"https:\/\/barroetakafetegia.com\/eu\/\" \/>\n<meta property=\"og:locale\" content=\"en_US\" \/>\n<meta property=\"og:type\" content=\"article\" \/>\n<meta property=\"og:title\" content=\"Inicio - barroeta kafetegia\" \/>\n<meta property=\"og:description\" content=\"\u00a1Descubre Barroetako Kafetegia! Qui\u00e9nes somos Bienvenidos a Barroetako Kafetegia. Un lugar de encuentro para jugadores, aficionados y vecinos, donde ofrecemos caf\u00e9 reci\u00e9n hecho, bocadillos, refrescos y aperitivos para disfrutar antes, durante o despu\u00e9s del partido. Ven a recargar energ\u00edas en un ambiente acogedor y vive la pasi\u00f3n del f\u00fatbol con buen sabor. \u00a1Te esperamos! Nuestra [&hellip;]\" \/>\n<meta property=\"og:url\" content=\"https:\/\/barroetakafetegia.com\/eu\/\" \/>\n<meta property=\"og:site_name\" content=\"barroeta kafetegia\" \/>\n<meta property=\"article:modified_time\" content=\"2025-04-02T15:48:49+00:00\" \/>\n<meta property=\"og:image\" content=\"https:\/\/barroetakafetegia.com\/wp-content\/uploads\/2025\/03\/Design-sem-nome-1.png\" \/>\n\t<meta property=\"og:image:width\" content=\"1000\" \/>\n\t<meta property=\"og:image:height\" content=\"1000\" \/>\n\t<meta property=\"og:image:type\" content=\"image\/png\" \/>\n<meta name=\"twitter:card\" content=\"summary_large_image\" \/>\n<meta name=\"twitter:label1\" content=\"Est. reading time\" \/>\n\t<meta name=\"twitter:data1\" content=\"2 minutua\" \/>\n<script type=\"application\/ld+json\" class=\"yoast-schema-graph\">{\"@context\":\"https:\\\/\\\/schema.org\",\"@graph\":[{\"@type\":\"WebPage\",\"@id\":\"https:\\\/\\\/barroetakafetegia.com\\\/\",\"url\":\"https:\\\/\\\/barroetakafetegia.com\\\/\",\"name\":\"Inicio - barroeta kafetegia\",\"isPartOf\":{\"@id\":\"https:\\\/\\\/barroetakafetegia.com\\\/#website\"},\"primaryImageOfPage\":{\"@id\":\"https:\\\/\\\/barroetakafetegia.com\\\/#primaryimage\"},\"image\":{\"@id\":\"https:\\\/\\\/barroetakafetegia.com\\\/#primaryimage\"},\"thumbnailUrl\":\"https:\\\/\\\/barroetakafetegia.com\\\/wp-content\\\/uploads\\\/2025\\\/03\\\/Design-sem-nome-1.png\",\"datePublished\":\"2024-10-01T07:57:46+00:00\",\"dateModified\":\"2025-04-02T15:48:49+00:00\",\"breadcrumb\":{\"@id\":\"https:\\\/\\\/barroetakafetegia.com\\\/#breadcrumb\"},\"inLanguage\":\"eu\",\"potentialAction\":[{\"@type\":\"ReadAction\",\"target\":[\"https:\\\/\\\/barroetakafetegia.com\\\/\"]}]},{\"@type\":\"ImageObject\",\"inLanguage\":\"eu\",\"@id\":\"https:\\\/\\\/barroetakafetegia.com\\\/#primaryimage\",\"url\":\"https:\\\/\\\/barroetakafetegia.com\\\/wp-content\\\/uploads\\\/2025\\\/03\\\/Design-sem-nome-1.png\",\"contentUrl\":\"https:\\\/\\\/barroetakafetegia.com\\\/wp-content\\\/uploads\\\/2025\\\/03\\\/Design-sem-nome-1.png\"},{\"@type\":\"BreadcrumbList\",\"@id\":\"https:\\\/\\\/barroetakafetegia.com\\\/#breadcrumb\",\"itemListElement\":[{\"@type\":\"ListItem\",\"position\":1,\"name\":\"Portada\",\"item\":\"https:\\\/\\\/barroetakafetegia.com\\\/\"},{\"@type\":\"ListItem\",\"position\":2,\"name\":\"Inicio\"}]},{\"@type\":\"WebSite\",\"@id\":\"https:\\\/\\\/barroetakafetegia.com\\\/#website\",\"url\":\"https:\\\/\\\/barroetakafetegia.com\\\/\",\"name\":\"barroeta kafetegia\",\"description\":\"Un lugar de encuentro para jugadores, aficionados y vecinos.\",\"publisher\":{\"@id\":\"https:\\\/\\\/barroetakafetegia.com\\\/#organization\"},\"potentialAction\":[{\"@type\":\"SearchAction\",\"target\":{\"@type\":\"EntryPoint\",\"urlTemplate\":\"https:\\\/\\\/barroetakafetegia.com\\\/?s={search_term_string}\"},\"query-input\":{\"@type\":\"PropertyValueSpecification\",\"valueRequired\":true,\"valueName\":\"search_term_string\"}}],\"inLanguage\":\"eu\"},{\"@type\":\"Organization\",\"@id\":\"https:\\\/\\\/barroetakafetegia.com\\\/#organization\",\"name\":\"barroeta kafetegia\",\"url\":\"https:\\\/\\\/barroetakafetegia.com\\\/\",\"logo\":{\"@type\":\"ImageObject\",\"inLanguage\":\"eu\",\"@id\":\"https:\\\/\\\/barroetakafetegia.com\\\/#\\\/schema\\\/logo\\\/image\\\/\",\"url\":\"https:\\\/\\\/barroetakafetegia.com\\\/wp-content\\\/uploads\\\/2025\\\/03\\\/cropped-Barroetako-2.png\",\"contentUrl\":\"https:\\\/\\\/barroetakafetegia.com\\\/wp-content\\\/uploads\\\/2025\\\/03\\\/cropped-Barroetako-2.png\",\"width\":500,\"height\":154,\"caption\":\"barroeta kafetegia\"},\"image\":{\"@id\":\"https:\\\/\\\/barroetakafetegia.com\\\/#\\\/schema\\\/logo\\\/image\\\/\"}}]}<\/script>\n<!-- \/ Yoast SEO plugin. -->","yoast_head_json":{"title":"Inicio - barroeta kafetegia","robots":{"index":"index","follow":"follow","max-snippet":"max-snippet:-1","max-image-preview":"max-image-preview:large","max-video-preview":"max-video-preview:-1"},"canonical":"https:\/\/barroetakafetegia.com\/eu\/","og_locale":"en_US","og_type":"article","og_title":"Inicio - barroeta kafetegia","og_description":"\u00a1Descubre Barroetako Kafetegia! Qui\u00e9nes somos Bienvenidos a Barroetako Kafetegia. Un lugar de encuentro para jugadores, aficionados y vecinos, donde ofrecemos caf\u00e9 reci\u00e9n hecho, bocadillos, refrescos y aperitivos para disfrutar antes, durante o despu\u00e9s del partido. Ven a recargar energ\u00edas en un ambiente acogedor y vive la pasi\u00f3n del f\u00fatbol con buen sabor. \u00a1Te esperamos! Nuestra [&hellip;]","og_url":"https:\/\/barroetakafetegia.com\/eu\/","og_site_name":"barroeta kafetegia","article_modified_time":"2025-04-02T15:48:49+00:00","og_image":[{"width":1000,"height":1000,"url":"https:\/\/barroetakafetegia.com\/wp-content\/uploads\/2025\/03\/Design-sem-nome-1.png","type":"image\/png"}],"twitter_card":"summary_large_image","twitter_misc":{"Est. reading time":"2 minutua"},"schema":{"@context":"https:\/\/schema.org","@graph":[{"@type":"WebPage","@id":"https:\/\/barroetakafetegia.com\/","url":"https:\/\/barroetakafetegia.com\/","name":"Inicio - barroeta kafetegia","isPartOf":{"@id":"https:\/\/barroetakafetegia.com\/#website"},"primaryImageOfPage":{"@id":"https:\/\/barroetakafetegia.com\/#primaryimage"},"image":{"@id":"https:\/\/barroetakafetegia.com\/#primaryimage"},"thumbnailUrl":"https:\/\/barroetakafetegia.com\/wp-content\/uploads\/2025\/03\/Design-sem-nome-1.png","datePublished":"2024-10-01T07:57:46+00:00","dateModified":"2025-04-02T15:48:49+00:00","breadcrumb":{"@id":"https:\/\/barroetakafetegia.com\/#breadcrumb"},"inLanguage":"eu","potentialAction":[{"@type":"ReadAction","target":["https:\/\/barroetakafetegia.com\/"]}]},{"@type":"ImageObject","inLanguage":"eu","@id":"https:\/\/barroetakafetegia.com\/#primaryimage","url":"https:\/\/barroetakafetegia.com\/wp-content\/uploads\/2025\/03\/Design-sem-nome-1.png","contentUrl":"https:\/\/barroetakafetegia.com\/wp-content\/uploads\/2025\/03\/Design-sem-nome-1.png"},{"@type":"BreadcrumbList","@id":"https:\/\/barroetakafetegia.com\/#breadcrumb","itemListElement":[{"@type":"ListItem","position":1,"name":"Portada","item":"https:\/\/barroetakafetegia.com\/"},{"@type":"ListItem","position":2,"name":"Inicio"}]},{"@type":"WebSite","@id":"https:\/\/barroetakafetegia.com\/#website","url":"https:\/\/barroetakafetegia.com\/","name":"barroeta kafetegia","description":"Un lugar de encuentro para jugadores, aficionados y vecinos.","publisher":{"@id":"https:\/\/barroetakafetegia.com\/#organization"},"potentialAction":[{"@type":"SearchAction","target":{"@type":"EntryPoint","urlTemplate":"https:\/\/barroetakafetegia.com\/?s={search_term_string}"},"query-input":{"@type":"PropertyValueSpecification","valueRequired":true,"valueName":"search_term_string"}}],"inLanguage":"eu"},{"@type":"Organization","@id":"https:\/\/barroetakafetegia.com\/#organization","name":"barroeta kafetegia","url":"https:\/\/barroetakafetegia.com\/","logo":{"@type":"ImageObject","inLanguage":"eu","@id":"https:\/\/barroetakafetegia.com\/#\/schema\/logo\/image\/","url":"https:\/\/barroetakafetegia.com\/wp-content\/uploads\/2025\/03\/cropped-Barroetako-2.png","contentUrl":"https:\/\/barroetakafetegia.com\/wp-content\/uploads\/2025\/03\/cropped-Barroetako-2.png","width":500,"height":154,"caption":"barroeta kafetegia"},"image":{"@id":"https:\/\/barroetakafetegia.com\/#\/schema\/logo\/image\/"}}]}},"_links":{"self":[{"href":"https:\/\/barroetakafetegia.com\/eu\/wp-json\/wp\/v2\/pages\/2","targetHints":{"allow":["GET"]}}],"collection":[{"href":"https:\/\/barroetakafetegia.com\/eu\/wp-json\/wp\/v2\/pages"}],"about":[{"href":"https:\/\/barroetakafetegia.com\/eu\/wp-json\/wp\/v2\/types\/page"}],"author":[{"embeddable":true,"href":"https:\/\/barroetakafetegia.com\/eu\/wp-json\/wp\/v2\/users\/4"}],"replies":[{"embeddable":true,"href":"https:\/\/barroetakafetegia.com\/eu\/wp-json\/wp\/v2\/comments?post=2"}],"version-history":[{"count":469,"href":"https:\/\/barroetakafetegia.com\/eu\/wp-json\/wp\/v2\/pages\/2\/revisions"}],"predecessor-version":[{"id":1428,"href":"https:\/\/barroetakafetegia.com\/eu\/wp-json\/wp\/v2\/pages\/2\/revisions\/1428"}],"wp:attachment":[{"href":"https:\/\/barroetakafetegia.com\/eu\/wp-json\/wp\/v2\/media?parent=2"}],"curies":[{"name":"wp","href":"https:\/\/api.w.org\/{rel}","templated":true}]}}